{"id":82,"date":"2023-10-02T15:45:22","date_gmt":"2023-10-02T13:45:22","guid":{"rendered":"http:\/\/lesybubna.cz\/?page_id=82"},"modified":"2023-10-02T16:11:09","modified_gmt":"2023-10-02T14:11:09","slug":"prodej-dreva","status":"publish","type":"page","link":"http:\/\/lesybubna.cz\/?page_id=82","title":{"rendered":"PRODEJ D\u0158EVA"},"content":{"rendered":"\n<p>Obchodujeme dlouh\u00e9 d\u0159\u00edv\u00ed a v\u00fd\u0159ezy ve v\u0161ech tlou\u0161\u0165ov\u00fdch a kvalitativn\u00edch t\u0159\u00edd\u00e1ch. V d\u0159evinn\u00e9 skladb\u011b p\u0159evl\u00e1d\u00e1 smrk a borovice. Zaji\u0161\u0165ujeme rovn\u011b\u017e prodej palivov\u00e9ho d\u0159\u00edv\u00ed.<\/p>\n","protected":false},"excerpt":{"rendered":"<p>Obchodujeme dlouh\u00e9 d\u0159\u00edv\u00ed a v\u00fd\u0159ezy ve v\u0161ech tlou\u0161\u0165ov\u00fdch a kvalitativn\u00edch t\u0159\u00edd\u00e1ch. V d\u0159evinn\u00e9 skladb\u011b p\u0159evl\u00e1d\u00e1 smrk a borovice. Zaji\u0161\u0165ujeme rovn\u011b\u017e prodej palivov\u00e9ho d\u0159\u00edv\u00ed.<\/p>\n","protected":false},"author":1,"featured_media":0,"parent":0,"menu_order":0,"comment_status":"closed","ping_status":"closed","template":"","meta":{"_monsterinsights_skip_tracking":false,"_monsterinsights_sitenote_active":false,"_monsterinsights_sitenote_note":"","_monsterinsights_sitenote_category":0,"footnotes":""},"yoast_head":"<!-- This site is optimized with the Yoast SEO plugin v22.0 - https:\/\/yoast.com\/wordpress\/plugins\/seo\/ -->\n<title>PRODEJ D\u0158EVA - LesyBubna<\/title>\n<meta name=\"robots\" content=\"index, follow, max-snippet:-1, max-image-preview:large, max-video-preview:-1\" \/>\n<link rel=\"canonical\" href=\"http:\/\/lesybubna.cz\/?page_id=82\" \/>\n<meta property=\"og:locale\" content=\"cs_CZ\" \/>\n<meta property=\"og:type\" content=\"article\" \/>\n<meta property=\"og:title\" content=\"PRODEJ D\u0158EVA - LesyBubna\" \/>\n<meta property=\"og:description\" content=\"Obchodujeme dlouh\u00e9 d\u0159\u00edv\u00ed a v\u00fd\u0159ezy ve v\u0161ech tlou\u0161\u0165ov\u00fdch a kvalitativn\u00edch t\u0159\u00edd\u00e1ch. V d\u0159evinn\u00e9 skladb\u011b p\u0159evl\u00e1d\u00e1 smrk a borovice. Zaji\u0161\u0165ujeme rovn\u011b\u017e prodej palivov\u00e9ho d\u0159\u00edv\u00ed.\" \/>\n<meta property=\"og:url\" content=\"http:\/\/lesybubna.cz\/?page_id=82\" \/>\n<meta property=\"og:site_name\" content=\"LesyBubna\" \/>\n<meta property=\"article:modified_time\" content=\"2023-10-02T14:11:09+00:00\" \/>\n<meta name=\"twitter:card\" content=\"summary_large_image\" \/>\n<meta name=\"twitter:label1\" content=\"Odhadovan\u00e1 doba \u010dten\u00ed\" \/>\n\t<meta name=\"twitter:data1\" content=\"1 minuta\" \/>\n<script type=\"application\/ld+json\" class=\"yoast-schema-graph\">{\"@context\":\"https:\/\/schema.org\",\"@graph\":[{\"@type\":\"WebPage\",\"@id\":\"http:\/\/lesybubna.cz\/?page_id=82\",\"url\":\"http:\/\/lesybubna.cz\/?page_id=82\",\"name\":\"PRODEJ D\u0158EVA - LesyBubna\",\"isPartOf\":{\"@id\":\"http:\/\/lesybubna.cz\/#website\"},\"datePublished\":\"2023-10-02T13:45:22+00:00\",\"dateModified\":\"2023-10-02T14:11:09+00:00\",\"breadcrumb\":{\"@id\":\"http:\/\/lesybubna.cz\/?page_id=82#breadcrumb\"},\"inLanguage\":\"cs\",\"potentialAction\":[{\"@type\":\"ReadAction\",\"target\":[\"http:\/\/lesybubna.cz\/?page_id=82\"]}]},{\"@type\":\"BreadcrumbList\",\"@id\":\"http:\/\/lesybubna.cz\/?page_id=82#breadcrumb\",\"itemListElement\":[{\"@type\":\"ListItem\",\"position\":1,\"name\":\"Home\",\"item\":\"http:\/\/lesybubna.cz\/\"},{\"@type\":\"ListItem\",\"position\":2,\"name\":\"PRODEJ D\u0158EVA\"}]},{\"@type\":\"WebSite\",\"@id\":\"http:\/\/lesybubna.cz\/#website\",\"url\":\"http:\/\/lesybubna.cz\/\",\"name\":\"LesyBubna\",\"description\":\"\",\"potentialAction\":[{\"@type\":\"SearchAction\",\"target\":{\"@type\":\"EntryPoint\",\"urlTemplate\":\"http:\/\/lesybubna.cz\/?s={search_term_string}\"},\"query-input\":\"required name=search_term_string\"}],\"inLanguage\":\"cs\"}]}<\/script>\n<!-- \/ Yoast SEO plugin. -->","yoast_head_json":{"title":"PRODEJ D\u0158EVA - LesyBubna","robots":{"index":"index","follow":"follow","max-snippet":"max-snippet:-1","max-image-preview":"max-image-preview:large","max-video-preview":"max-video-preview:-1"},"canonical":"http:\/\/lesybubna.cz\/?page_id=82","og_locale":"cs_CZ","og_type":"article","og_title":"PRODEJ D\u0158EVA - LesyBubna","og_description":"Obchodujeme dlouh\u00e9 d\u0159\u00edv\u00ed a v\u00fd\u0159ezy ve v\u0161ech tlou\u0161\u0165ov\u00fdch a kvalitativn\u00edch t\u0159\u00edd\u00e1ch. V d\u0159evinn\u00e9 skladb\u011b p\u0159evl\u00e1d\u00e1 smrk a borovice. Zaji\u0161\u0165ujeme rovn\u011b\u017e prodej palivov\u00e9ho d\u0159\u00edv\u00ed.","og_url":"http:\/\/lesybubna.cz\/?page_id=82","og_site_name":"LesyBubna","article_modified_time":"2023-10-02T14:11:09+00:00","twitter_card":"summary_large_image","twitter_misc":{"Odhadovan\u00e1 doba \u010dten\u00ed":"1 minuta"},"schema":{"@context":"https:\/\/schema.org","@graph":[{"@type":"WebPage","@id":"http:\/\/lesybubna.cz\/?page_id=82","url":"http:\/\/lesybubna.cz\/?page_id=82","name":"PRODEJ D\u0158EVA - LesyBubna","isPartOf":{"@id":"http:\/\/lesybubna.cz\/#website"},"datePublished":"2023-10-02T13:45:22+00:00","dateModified":"2023-10-02T14:11:09+00:00","breadcrumb":{"@id":"http:\/\/lesybubna.cz\/?page_id=82#breadcrumb"},"inLanguage":"cs","potentialAction":[{"@type":"ReadAction","target":["http:\/\/lesybubna.cz\/?page_id=82"]}]},{"@type":"BreadcrumbList","@id":"http:\/\/lesybubna.cz\/?page_id=82#breadcrumb","itemListElement":[{"@type":"ListItem","position":1,"name":"Home","item":"http:\/\/lesybubna.cz\/"},{"@type":"ListItem","position":2,"name":"PRODEJ D\u0158EVA"}]},{"@type":"WebSite","@id":"http:\/\/lesybubna.cz\/#website","url":"http:\/\/lesybubna.cz\/","name":"LesyBubna","description":"","potentialAction":[{"@type":"SearchAction","target":{"@type":"EntryPoint","urlTemplate":"http:\/\/lesybubna.cz\/?s={search_term_string}"},"query-input":"required name=search_term_string"}],"inLanguage":"cs"}]}},"_links":{"self":[{"href":"http:\/\/lesybubna.cz\/index.php?rest_route=\/wp\/v2\/pages\/82"}],"collection":[{"href":"http:\/\/lesybubna.cz\/index.php?rest_route=\/wp\/v2\/pages"}],"about":[{"href":"http:\/\/lesybubna.cz\/index.php?rest_route=\/wp\/v2\/types\/page"}],"author":[{"embeddable":true,"href":"http:\/\/lesybubna.cz\/index.php?rest_route=\/wp\/v2\/users\/1"}],"replies":[{"embeddable":true,"href":"http:\/\/lesybubna.cz\/index.php?rest_route=%2Fwp%2Fv2%2Fcomments&post=82"}],"version-history":[{"count":2,"href":"http:\/\/lesybubna.cz\/index.php?rest_route=\/wp\/v2\/pages\/82\/revisions"}],"predecessor-version":[{"id":86,"href":"http:\/\/lesybubna.cz\/index.php?rest_route=\/wp\/v2\/pages\/82\/revisions\/86"}],"wp:attachment":[{"href":"http:\/\/lesybubna.cz\/index.php?rest_route=%2Fwp%2Fv2%2Fmedia&parent=82"}],"curies":[{"name":"wp","href":"https:\/\/api.w.org\/{rel}","templated":true}]}}