{"id":67,"date":"2023-07-11T18:44:38","date_gmt":"2023-07-11T16:44:38","guid":{"rendered":"http:\/\/lesybubna.cz\/?page_id=67"},"modified":"2025-12-27T11:54:08","modified_gmt":"2025-12-27T10:54:08","slug":"kontakt","status":"publish","type":"page","link":"http:\/\/lesybubna.cz\/?page_id=67","title":{"rendered":"KONTAKT"},"content":{"rendered":"\n<div class=\"wp-block-columns is-layout-flex wp-container-core-columns-layout-1 wp-block-columns-is-layout-flex\">\n<div class=\"wp-block-column is-layout-flow wp-block-column-is-layout-flow\">\n<p><\/p>\n\n\n\n<p>Lesn\u00ed spr\u00e1va Bubna a.s.<br>I\u010cO:&nbsp;02097851<br>DI\u010c: CZ02097851<\/p>\n<\/div>\n\n\n\n<div class=\"wp-block-column is-layout-flow wp-block-column-is-layout-flow\">\n<p><\/p>\n\n\n\n<p>5. kv\u011btna 1<br>533 74 Horn\u00ed Jelen\u00ed<br>\u010cesk\u00e1 republika<\/p>\n<\/div>\n\n\n\n<div class=\"wp-block-column is-layout-flow wp-block-column-is-layout-flow\">\n<p><\/p>\n\n\n\n<p>lesy@lesybubna.cz<br>telefon:\u00a0731 512\u00a0632<\/p>\n<\/div>\n<\/div>\n\n\n\n<p>\u010d\u00edslo \u00fa\u010dtu: 35-5700040217\/0100<\/p>\n","protected":false},"excerpt":{"rendered":"<p>Lesn\u00ed spr\u00e1va Bubna a.s.I\u010cO:&nbsp;02097851DI\u010c: CZ02097851 5. kv\u011btna 1533 74 Horn\u00ed Jelen\u00ed\u010cesk\u00e1 republika lesy@lesybubna.cztelefon:\u00a0731 512\u00a0632 \u010d\u00edslo \u00fa\u010dtu: 35-5700040217\/0100<\/p>\n","protected":false},"author":1,"featured_media":0,"parent":0,"menu_order":0,"comment_status":"closed","ping_status":"closed","template":"","meta":{"_monsterinsights_skip_tracking":false,"_monsterinsights_sitenote_active":false,"_monsterinsights_sitenote_note":"","_monsterinsights_sitenote_category":0,"footnotes":""},"yoast_head":"<!-- This site is optimized with the Yoast SEO plugin v22.0 - https:\/\/yoast.com\/wordpress\/plugins\/seo\/ -->\n<title>KONTAKT - LesyBubna<\/title>\n<meta name=\"robots\" content=\"index, follow, max-snippet:-1, max-image-preview:large, max-video-preview:-1\" \/>\n<link rel=\"canonical\" href=\"http:\/\/lesybubna.cz\/?page_id=67\" \/>\n<meta property=\"og:locale\" content=\"cs_CZ\" \/>\n<meta property=\"og:type\" content=\"article\" \/>\n<meta property=\"og:title\" content=\"KONTAKT - LesyBubna\" \/>\n<meta property=\"og:description\" content=\"Lesn\u00ed spr\u00e1va Bubna a.s.I\u010cO:&nbsp;02097851DI\u010c: CZ02097851 5. kv\u011btna 1533 74 Horn\u00ed Jelen\u00ed\u010cesk\u00e1 republika lesy@lesybubna.cztelefon:\u00a0731 512\u00a0632 \u010d\u00edslo \u00fa\u010dtu: 35-5700040217\/0100\" \/>\n<meta property=\"og:url\" content=\"http:\/\/lesybubna.cz\/?page_id=67\" \/>\n<meta property=\"og:site_name\" content=\"LesyBubna\" \/>\n<meta property=\"article:modified_time\" content=\"2025-12-27T10:54:08+00:00\" \/>\n<meta name=\"twitter:card\" content=\"summary_large_image\" \/>\n<meta name=\"twitter:label1\" content=\"Odhadovan\u00e1 doba \u010dten\u00ed\" \/>\n\t<meta name=\"twitter:data1\" content=\"1 minuta\" \/>\n<script type=\"application\/ld+json\" class=\"yoast-schema-graph\">{\"@context\":\"https:\/\/schema.org\",\"@graph\":[{\"@type\":\"WebPage\",\"@id\":\"http:\/\/lesybubna.cz\/?page_id=67\",\"url\":\"http:\/\/lesybubna.cz\/?page_id=67\",\"name\":\"KONTAKT - LesyBubna\",\"isPartOf\":{\"@id\":\"http:\/\/lesybubna.cz\/#website\"},\"datePublished\":\"2023-07-11T16:44:38+00:00\",\"dateModified\":\"2025-12-27T10:54:08+00:00\",\"breadcrumb\":{\"@id\":\"http:\/\/lesybubna.cz\/?page_id=67#breadcrumb\"},\"inLanguage\":\"cs\",\"potentialAction\":[{\"@type\":\"ReadAction\",\"target\":[\"http:\/\/lesybubna.cz\/?page_id=67\"]}]},{\"@type\":\"BreadcrumbList\",\"@id\":\"http:\/\/lesybubna.cz\/?page_id=67#breadcrumb\",\"itemListElement\":[{\"@type\":\"ListItem\",\"position\":1,\"name\":\"Home\",\"item\":\"http:\/\/lesybubna.cz\/\"},{\"@type\":\"ListItem\",\"position\":2,\"name\":\"KONTAKT\"}]},{\"@type\":\"WebSite\",\"@id\":\"http:\/\/lesybubna.cz\/#website\",\"url\":\"http:\/\/lesybubna.cz\/\",\"name\":\"LesyBubna\",\"description\":\"\",\"potentialAction\":[{\"@type\":\"SearchAction\",\"target\":{\"@type\":\"EntryPoint\",\"urlTemplate\":\"http:\/\/lesybubna.cz\/?s={search_term_string}\"},\"query-input\":\"required name=search_term_string\"}],\"inLanguage\":\"cs\"}]}<\/script>\n<!-- \/ Yoast SEO plugin. -->","yoast_head_json":{"title":"KONTAKT - LesyBubna","robots":{"index":"index","follow":"follow","max-snippet":"max-snippet:-1","max-image-preview":"max-image-preview:large","max-video-preview":"max-video-preview:-1"},"canonical":"http:\/\/lesybubna.cz\/?page_id=67","og_locale":"cs_CZ","og_type":"article","og_title":"KONTAKT - LesyBubna","og_description":"Lesn\u00ed spr\u00e1va Bubna a.s.I\u010cO:&nbsp;02097851DI\u010c: CZ02097851 5. kv\u011btna 1533 74 Horn\u00ed Jelen\u00ed\u010cesk\u00e1 republika lesy@lesybubna.cztelefon:\u00a0731 512\u00a0632 \u010d\u00edslo \u00fa\u010dtu: 35-5700040217\/0100","og_url":"http:\/\/lesybubna.cz\/?page_id=67","og_site_name":"LesyBubna","article_modified_time":"2025-12-27T10:54:08+00:00","twitter_card":"summary_large_image","twitter_misc":{"Odhadovan\u00e1 doba \u010dten\u00ed":"1 minuta"},"schema":{"@context":"https:\/\/schema.org","@graph":[{"@type":"WebPage","@id":"http:\/\/lesybubna.cz\/?page_id=67","url":"http:\/\/lesybubna.cz\/?page_id=67","name":"KONTAKT - LesyBubna","isPartOf":{"@id":"http:\/\/lesybubna.cz\/#website"},"datePublished":"2023-07-11T16:44:38+00:00","dateModified":"2025-12-27T10:54:08+00:00","breadcrumb":{"@id":"http:\/\/lesybubna.cz\/?page_id=67#breadcrumb"},"inLanguage":"cs","potentialAction":[{"@type":"ReadAction","target":["http:\/\/lesybubna.cz\/?page_id=67"]}]},{"@type":"BreadcrumbList","@id":"http:\/\/lesybubna.cz\/?page_id=67#breadcrumb","itemListElement":[{"@type":"ListItem","position":1,"name":"Home","item":"http:\/\/lesybubna.cz\/"},{"@type":"ListItem","position":2,"name":"KONTAKT"}]},{"@type":"WebSite","@id":"http:\/\/lesybubna.cz\/#website","url":"http:\/\/lesybubna.cz\/","name":"LesyBubna","description":"","potentialAction":[{"@type":"SearchAction","target":{"@type":"EntryPoint","urlTemplate":"http:\/\/lesybubna.cz\/?s={search_term_string}"},"query-input":"required name=search_term_string"}],"inLanguage":"cs"}]}},"_links":{"self":[{"href":"http:\/\/lesybubna.cz\/index.php?rest_route=\/wp\/v2\/pages\/67"}],"collection":[{"href":"http:\/\/lesybubna.cz\/index.php?rest_route=\/wp\/v2\/pages"}],"about":[{"href":"http:\/\/lesybubna.cz\/index.php?rest_route=\/wp\/v2\/types\/page"}],"author":[{"embeddable":true,"href":"http:\/\/lesybubna.cz\/index.php?rest_route=\/wp\/v2\/users\/1"}],"replies":[{"embeddable":true,"href":"http:\/\/lesybubna.cz\/index.php?rest_route=%2Fwp%2Fv2%2Fcomments&post=67"}],"version-history":[{"count":6,"href":"http:\/\/lesybubna.cz\/index.php?rest_route=\/wp\/v2\/pages\/67\/revisions"}],"predecessor-version":[{"id":146,"href":"http:\/\/lesybubna.cz\/index.php?rest_route=\/wp\/v2\/pages\/67\/revisions\/146"}],"wp:attachment":[{"href":"http:\/\/lesybubna.cz\/index.php?rest_route=%2Fwp%2Fv2%2Fmedia&parent=67"}],"curies":[{"name":"wp","href":"https:\/\/api.w.org\/{rel}","templated":true}]}}